{"id":46,"date":"2017-08-01T06:10:05","date_gmt":"2017-08-01T04:10:05","guid":{"rendered":"http:\/\/studiopsiejurody.pl\/index.php\/contact\/"},"modified":"2022-09-30T17:48:07","modified_gmt":"2022-09-30T15:48:07","slug":"kontakt","status":"publish","type":"page","link":"https:\/\/studiopsiejurody.pl\/index.php\/kontakt\/","title":{"rendered":"Kontakt"},"content":{"rendered":"\t\t<div data-elementor-type=\"wp-post\" data-elementor-id=\"46\" class=\"elementor elementor-46\">\n\t\t\t\t\t\t\t\t\t<section class=\"elementor-section elementor-top-section elementor-element elementor-element-229f6d2f elementor-section-boxed elementor-section-height-default elementor-section-height-default\" data-id=\"229f6d2f\" data-element_type=\"section\" data-settings=\"{&quot;background_background&quot;:&quot;classic&quot;,&quot;shape_divider_bottom&quot;:&quot;waves&quot;}\">\n\t\t\t\t\t\t\t<div class=\"elementor-background-overlay\"><\/div>\n\t\t\t\t\t\t<div class=\"elementor-shape elementor-shape-bottom\" data-negative=\"false\">\n\t\t\t<svg xmlns=\"http:\/\/www.w3.org\/2000\/svg\" viewBox=\"0 0 1000 100\" preserveAspectRatio=\"none\">\n\t<path class=\"elementor-shape-fill\" d=\"M421.9,6.5c22.6-2.5,51.5,0.4,75.5,5.3c23.6,4.9,70.9,23.5,100.5,35.7c75.8,32.2,133.7,44.5,192.6,49.7\n\tc23.6,2.1,48.7,3.5,103.4-2.5c54.7-6,106.2-25.6,106.2-25.6V0H0v30.3c0,0,72,32.6,158.4,30.5c39.2-0.7,92.8-6.7,134-22.4\n\tc21.2-8.1,52.2-18.2,79.7-24.2C399.3,7.9,411.6,7.5,421.9,6.5z\"\/>\n<\/svg>\t\t<\/div>\n\t\t\t\t\t<div class=\"elementor-container elementor-column-gap-default\">\n\t\t\t\t\t<div class=\"elementor-column elementor-col-100 elementor-top-column elementor-element elementor-element-b219219\" data-id=\"b219219\" data-element_type=\"column\">\n\t\t\t<div class=\"elementor-widget-wrap elementor-element-populated\">\n\t\t\t\t\t\t\t\t<div class=\"elementor-element elementor-element-4710c993 elementor-widget elementor-widget-heading\" data-id=\"4710c993\" data-element_type=\"widget\" data-widget_type=\"heading.default\">\n\t\t\t\t<div class=\"elementor-widget-container\">\n\t\t\t<style>\/*! elementor - v3.14.0 - 26-06-2023 *\/\n.elementor-heading-title{padding:0;margin:0;line-height:1}.elementor-widget-heading .elementor-heading-title[class*=elementor-size-]>a{color:inherit;font-size:inherit;line-height:inherit}.elementor-widget-heading .elementor-heading-title.elementor-size-small{font-size:15px}.elementor-widget-heading .elementor-heading-title.elementor-size-medium{font-size:19px}.elementor-widget-heading .elementor-heading-title.elementor-size-large{font-size:29px}.elementor-widget-heading .elementor-heading-title.elementor-size-xl{font-size:39px}.elementor-widget-heading .elementor-heading-title.elementor-size-xxl{font-size:59px}<\/style><h1 class=\"elementor-heading-title elementor-size-default\">Kontakt<\/h1>\t\t<\/div>\n\t\t\t\t<\/div>\n\t\t\t\t\t<\/div>\n\t\t<\/div>\n\t\t\t\t\t\t\t<\/div>\n\t\t<\/section>\n\t\t\t\t<section class=\"elementor-section elementor-top-section elementor-element elementor-element-3818f5f elementor-section-boxed elementor-section-height-default elementor-section-height-default\" data-id=\"3818f5f\" data-element_type=\"section\">\n\t\t\t\t\t\t<div class=\"elementor-container elementor-column-gap-default\">\n\t\t\t\t\t<div class=\"elementor-column elementor-col-50 elementor-top-column elementor-element elementor-element-1a3e10c elementor-invisible\" data-id=\"1a3e10c\" data-element_type=\"column\" data-settings=\"{&quot;animation&quot;:&quot;fadeInLeft&quot;}\">\n\t\t\t<div class=\"elementor-widget-wrap elementor-element-populated\">\n\t\t\t\t\t\t\t\t<div class=\"elementor-element elementor-element-cc63cf2 elementor-position-top elementor-vertical-align-top elementor-widget elementor-widget-image-box\" data-id=\"cc63cf2\" data-element_type=\"widget\" data-widget_type=\"image-box.default\">\n\t\t\t\t<div class=\"elementor-widget-container\">\n\t\t\t<style>\/*! elementor - v3.14.0 - 26-06-2023 *\/\n.elementor-widget-image-box .elementor-image-box-content{width:100%}@media (min-width:768px){.elementor-widget-image-box.elementor-position-left .elementor-image-box-wrapper,.elementor-widget-image-box.elementor-position-right .elementor-image-box-wrapper{display:flex}.elementor-widget-image-box.elementor-position-right .elementor-image-box-wrapper{text-align:right;flex-direction:row-reverse}.elementor-widget-image-box.elementor-position-left .elementor-image-box-wrapper{text-align:left;flex-direction:row}.elementor-widget-image-box.elementor-position-top .elementor-image-box-img{margin:auto}.elementor-widget-image-box.elementor-vertical-align-top .elementor-image-box-wrapper{align-items:flex-start}.elementor-widget-image-box.elementor-vertical-align-middle .elementor-image-box-wrapper{align-items:center}.elementor-widget-image-box.elementor-vertical-align-bottom .elementor-image-box-wrapper{align-items:flex-end}}@media (max-width:767px){.elementor-widget-image-box .elementor-image-box-img{margin-left:auto!important;margin-right:auto!important;margin-bottom:15px}}.elementor-widget-image-box .elementor-image-box-img{display:inline-block}.elementor-widget-image-box .elementor-image-box-title a{color:inherit}.elementor-widget-image-box .elementor-image-box-wrapper{text-align:center}.elementor-widget-image-box .elementor-image-box-description{margin:0}<\/style><div class=\"elementor-image-box-wrapper\"><figure class=\"elementor-image-box-img\"><img loading=\"lazy\" decoding=\"async\" width=\"500\" height=\"500\" src=\"https:\/\/studiopsiejurody.pl\/wp-content\/uploads\/2022\/08\/phone.png\" class=\"attachment-full size-full wp-image-1666\" alt=\"Ikonka Telefonu\" srcset=\"https:\/\/studiopsiejurody.pl\/wp-content\/uploads\/2022\/08\/phone.png 500w, https:\/\/studiopsiejurody.pl\/wp-content\/uploads\/2022\/08\/phone-300x300.png 300w, https:\/\/studiopsiejurody.pl\/wp-content\/uploads\/2022\/08\/phone-150x150.png 150w\" sizes=\"auto, (max-width: 500px) 100vw, 500px\" \/><\/figure><div class=\"elementor-image-box-content\"><h3 class=\"elementor-image-box-title\">888 034 109<\/h3><p class=\"elementor-image-box-description\">Um\u00f3w wizyt\u0119 telefonicznie ju\u017c teraz!<\/p><\/div><\/div>\t\t<\/div>\n\t\t\t\t<\/div>\n\t\t\t\t\t<\/div>\n\t\t<\/div>\n\t\t\t\t<div class=\"elementor-column elementor-col-50 elementor-top-column elementor-element elementor-element-7720f2a elementor-invisible\" data-id=\"7720f2a\" data-element_type=\"column\" data-settings=\"{&quot;animation&quot;:&quot;fadeInRight&quot;}\">\n\t\t\t<div class=\"elementor-widget-wrap elementor-element-populated\">\n\t\t\t\t\t\t\t\t<div class=\"elementor-element elementor-element-a2967de elementor-position-top elementor-vertical-align-top elementor-widget elementor-widget-image-box\" data-id=\"a2967de\" data-element_type=\"widget\" data-widget_type=\"image-box.default\">\n\t\t\t\t<div class=\"elementor-widget-container\">\n\t\t\t<div class=\"elementor-image-box-wrapper\"><figure class=\"elementor-image-box-img\"><img loading=\"lazy\" decoding=\"async\" width=\"512\" height=\"512\" src=\"https:\/\/studiopsiejurody.pl\/wp-content\/uploads\/2022\/08\/emails2.png\" class=\"attachment-full size-full wp-image-1672\" alt=\"\" srcset=\"https:\/\/studiopsiejurody.pl\/wp-content\/uploads\/2022\/08\/emails2.png 512w, https:\/\/studiopsiejurody.pl\/wp-content\/uploads\/2022\/08\/emails2-300x300.png 300w, https:\/\/studiopsiejurody.pl\/wp-content\/uploads\/2022\/08\/emails2-150x150.png 150w\" sizes=\"auto, (max-width: 512px) 100vw, 512px\" \/><\/figure><div class=\"elementor-image-box-content\"><h3 class=\"elementor-image-box-title\">paula@studioPsiejUrody.pL<\/h3><p class=\"elementor-image-box-description\">W razie jakichkolwiek pyta\u0144 zostaw wiadomo\u015b\u0107.<\/p><\/div><\/div>\t\t<\/div>\n\t\t\t\t<\/div>\n\t\t\t\t\t<\/div>\n\t\t<\/div>\n\t\t\t\t\t\t\t<\/div>\n\t\t<\/section>\n\t\t\t\t<section class=\"elementor-section elementor-top-section elementor-element elementor-element-aa41b8a elementor-section-boxed elementor-section-height-default elementor-section-height-default\" data-id=\"aa41b8a\" data-element_type=\"section\">\n\t\t\t\t\t\t<div class=\"elementor-container elementor-column-gap-default\">\n\t\t\t\t\t<div class=\"elementor-column elementor-col-100 elementor-top-column elementor-element elementor-element-884462e elementor-invisible\" data-id=\"884462e\" data-element_type=\"column\" data-settings=\"{&quot;animation&quot;:&quot;fadeInUp&quot;}\">\n\t\t\t<div class=\"elementor-widget-wrap elementor-element-populated\">\n\t\t\t\t\t\t\t\t<div class=\"elementor-element elementor-element-67105ef elementor-position-top elementor-vertical-align-top elementor-widget elementor-widget-image-box\" data-id=\"67105ef\" data-element_type=\"widget\" data-widget_type=\"image-box.default\">\n\t\t\t\t<div class=\"elementor-widget-container\">\n\t\t\t<div class=\"elementor-image-box-wrapper\"><figure class=\"elementor-image-box-img\"><img loading=\"lazy\" decoding=\"async\" width=\"150\" height=\"150\" src=\"https:\/\/studiopsiejurody.pl\/wp-content\/uploads\/2022\/08\/time-150x150.png\" class=\"attachment-thumbnail size-thumbnail wp-image-1697\" alt=\"Ikonka Godziny Otwarcia\" srcset=\"https:\/\/studiopsiejurody.pl\/wp-content\/uploads\/2022\/08\/time-150x150.png 150w, https:\/\/studiopsiejurody.pl\/wp-content\/uploads\/2022\/08\/time-300x300.png 300w, https:\/\/studiopsiejurody.pl\/wp-content\/uploads\/2022\/08\/time.png 512w\" sizes=\"auto, (max-width: 150px) 100vw, 150px\" \/><\/figure><div class=\"elementor-image-box-content\"><h3 class=\"elementor-image-box-title\">Godziny Otwarcia<\/h3><p class=\"elementor-image-box-description\">Poniedzia\u0142ek - Pi\u0105tek 9:00 - 19:00<\/p><\/div><\/div>\t\t<\/div>\n\t\t\t\t<\/div>\n\t\t\t\t\t<\/div>\n\t\t<\/div>\n\t\t\t\t\t\t\t<\/div>\n\t\t<\/section>\n\t\t\t\t<section class=\"elementor-section elementor-top-section elementor-element elementor-element-36789cba elementor-section-content-middle animated-fast elementor-section-boxed elementor-section-height-default elementor-section-height-default elementor-invisible\" data-id=\"36789cba\" data-element_type=\"section\" data-settings=\"{&quot;animation&quot;:&quot;fadeInUp&quot;}\">\n\t\t\t\t\t\t<div class=\"elementor-container elementor-column-gap-default\">\n\t\t\t\t\t<div class=\"elementor-column elementor-col-50 elementor-top-column elementor-element elementor-element-744deb46\" data-id=\"744deb46\" data-element_type=\"column\" data-settings=\"{&quot;background_background&quot;:&quot;classic&quot;}\">\n\t\t\t<div class=\"elementor-widget-wrap elementor-element-populated\">\n\t\t\t\t\t\t\t\t<div class=\"elementor-element elementor-element-683de2e1 elementor-position-top elementor-vertical-align-top elementor-widget elementor-widget-image-box\" data-id=\"683de2e1\" data-element_type=\"widget\" data-widget_type=\"image-box.default\">\n\t\t\t\t<div class=\"elementor-widget-container\">\n\t\t\t<div class=\"elementor-image-box-wrapper\"><div class=\"elementor-image-box-content\"><h3 class=\"elementor-image-box-title\">Masz Jakie\u015b Pytania?<\/h3><p class=\"elementor-image-box-description\">Z przyjemno\u015bci\u0105 udziel\u0119 Ci odpowiedzi.<\/p><\/div><\/div>\t\t<\/div>\n\t\t\t\t<\/div>\n\t\t\t\t<div class=\"elementor-element elementor-element-61aae948 elementor-widget elementor-widget-shortcode\" data-id=\"61aae948\" data-element_type=\"widget\" data-widget_type=\"shortcode.default\">\n\t\t\t\t<div class=\"elementor-widget-container\">\n\t\t\t\t\t<div class=\"elementor-shortcode\"><div class=\"wpforms-container \" id=\"wpforms-6\"><form id=\"wpforms-form-6\" class=\"wpforms-validate wpforms-form\" data-formid=\"6\" method=\"post\" enctype=\"multipart\/form-data\" action=\"\/index.php\/wp-json\/wp\/v2\/pages\/46\" data-token=\"77b51fff66776f4df6610ce9735b8757\"><noscript class=\"wpforms-error-noscript\">Aby wype\u0142ni\u0107 ten formularz, w\u0142\u0105cz obs\u0142ug\u0119 JavaScript w przegl\u0105darce.<\/noscript><div class=\"wpforms-field-container\"><div id=\"wpforms-6-field_0-container\" class=\"wpforms-field wpforms-field-name\" data-field-id=\"0\"><label class=\"wpforms-field-label wpforms-label-hide\" for=\"wpforms-6-field_0\">Imi\u0119 <span class=\"wpforms-required-label\">*<\/span><\/label><input type=\"text\" id=\"wpforms-6-field_0\" class=\"wpforms-field-large wpforms-field-required\" name=\"wpforms[fields][0]\" placeholder=\"Podaj swoje imi\u0119\" required><\/div><div id=\"wpforms-6-field_5-container\" class=\"wpforms-field wpforms-field-number\" data-field-id=\"5\"><label class=\"wpforms-field-label wpforms-label-hide\" for=\"wpforms-6-field_5\">Numer telefonu <span class=\"wpforms-required-label\">*<\/span><\/label><input type=\"number\" pattern=\"\\d*\" id=\"wpforms-6-field_5\" class=\"wpforms-field-large wpforms-field-required\" name=\"wpforms[fields][5]\" placeholder=\"Podaj sw\u00f3j numer telefonu\" required><\/div><div id=\"wpforms-6-field_6-container\" class=\"wpforms-field wpforms-field-email\" data-field-id=\"6\"><label class=\"wpforms-field-label wpforms-label-hide\" for=\"wpforms-6-field_6\">E-mail <span class=\"wpforms-required-label\">*<\/span><\/label><input type=\"email\" id=\"wpforms-6-field_6\" class=\"wpforms-field-large wpforms-field-required\" name=\"wpforms[fields][6]\" placeholder=\"Podaj sw\u00f3j adres e-mail\" spellcheck=\"false\" required><\/div><div id=\"wpforms-6-field_4-container\" class=\"wpforms-field wpforms-field-select wpforms-field-select-style-classic\" data-field-id=\"4\"><label class=\"wpforms-field-label wpforms-label-hide\" for=\"wpforms-6-field_4\">Temat <span class=\"wpforms-required-label\">*<\/span><\/label><select id=\"wpforms-6-field_4\" class=\"wpforms-field-large wpforms-field-required\" name=\"wpforms[fields][4]\" required=\"required\"><option value=\"\" class=\"placeholder\" disabled  selected='selected'>Wybierz temat<\/option><option value=\"Chce um\u00f3wi\u0107 wizyt\u0119\" >Chce um\u00f3wi\u0107 wizyt\u0119<\/option><option value=\"Mam pytanie odno\u015bnie us\u0142ugi\" >Mam pytanie odno\u015bnie us\u0142ugi<\/option><option value=\"Mam pytanie odno\u015bnie hodowli\" >Mam pytanie odno\u015bnie hodowli<\/option><option value=\"Wsp\u00f3\u0142praca\" >Wsp\u00f3\u0142praca<\/option><option value=\"Inne\" >Inne<\/option><\/select><\/div><div id=\"wpforms-6-field_2-container\" class=\"wpforms-field wpforms-field-textarea\" data-field-id=\"2\"><label class=\"wpforms-field-label wpforms-label-hide\" for=\"wpforms-6-field_2\">Twoja wiadomo\u015b\u0107 <span class=\"wpforms-required-label\">*<\/span><\/label><textarea id=\"wpforms-6-field_2\" class=\"wpforms-field-medium wpforms-field-required\" name=\"wpforms[fields][2]\" placeholder=\"Tre\u015b\u0107 wiadomo\u015bci...\" required><\/textarea><\/div><\/div><!-- .wpforms-field-container --><div class=\"wpforms-field wpforms-field-hp\"><label for=\"wpforms-6-field-hp\" class=\"wpforms-field-label\">Name<\/label><input type=\"text\" name=\"wpforms[hp]\" id=\"wpforms-6-field-hp\" class=\"wpforms-field-medium\"><\/div><div class=\"wpforms-submit-container\" ><input type=\"hidden\" name=\"wpforms[id]\" value=\"6\"><input type=\"hidden\" name=\"wpforms[author]\" value=\"1\"><button type=\"submit\" name=\"wpforms[submit]\" id=\"wpforms-submit-6\" class=\"wpforms-submit\" data-alt-text=\"Wysy\u0142anie...\" data-submit-text=\"Wy\u015blij wiadomo\u015b\u0107\" aria-live=\"assertive\" value=\"wpforms-submit\">Wy\u015blij wiadomo\u015b\u0107<\/button><\/div><\/form><\/div>  <!-- .wpforms-container --><\/div>\n\t\t\t\t<\/div>\n\t\t\t\t<\/div>\n\t\t\t\t\t<\/div>\n\t\t<\/div>\n\t\t\t\t<div class=\"elementor-column elementor-col-50 elementor-top-column elementor-element elementor-element-219e8254\" data-id=\"219e8254\" data-element_type=\"column\">\n\t\t\t<div class=\"elementor-widget-wrap elementor-element-populated\">\n\t\t\t\t\t\t\t\t<div class=\"elementor-element elementor-element-728f3874 elementor-widget elementor-widget-google_maps\" data-id=\"728f3874\" data-element_type=\"widget\" data-widget_type=\"google_maps.default\">\n\t\t\t\t<div class=\"elementor-widget-container\">\n\t\t\t<style>\/*! elementor - v3.14.0 - 26-06-2023 *\/\n.elementor-widget-google_maps .elementor-widget-container{overflow:hidden}.elementor-widget-google_maps .elementor-custom-embed{line-height:0}.elementor-widget-google_maps iframe{height:300px}<\/style>\t\t<div class=\"elementor-custom-embed\">\n\t\t\t<iframe loading=\"lazy\"\n\t\t\t\t\tsrc=\"https:\/\/maps.google.com\/maps?q=Studio%20Psiej%20Urody%20Leszno&#038;t=m&#038;z=15&#038;output=embed&#038;iwloc=near\"\n\t\t\t\t\ttitle=\"Studio Psiej Urody Leszno\"\n\t\t\t\t\taria-label=\"Studio Psiej Urody Leszno\"\n\t\t\t><\/iframe>\n\t\t<\/div>\n\t\t\t\t<\/div>\n\t\t\t\t<\/div>\n\t\t\t\t\t<\/div>\n\t\t<\/div>\n\t\t\t\t\t\t\t<\/div>\n\t\t<\/section>\n\t\t\t\t\t\t\t<\/div>\n\t\t","protected":false},"excerpt":{"rendered":"<p>Kontakt 888 034 109 Um\u00f3w wizyt\u0119 telefonicznie ju\u017c teraz! paula@studioPsiejUrody.pL W razie jakichkolwiek pyta\u0144 zostaw wiadomo\u015b\u0107. Godziny Otwarcia Poniedzia\u0142ek &#8211; Pi\u0105tek 9:00 &#8211; 19:00 Masz Jakie\u015b Pytania? Z przyjemno\u015bci\u0105 udziel\u0119 Ci odpowiedzi.<\/p>\n","protected":false},"author":1,"featured_media":0,"parent":0,"menu_order":0,"comment_status":"closed","ping_status":"closed","template":"","meta":{"site-sidebar-layout":"no-sidebar","site-content-layout":"page-builder","ast-global-header-display":"","ast-main-header-display":"","ast-hfb-above-header-display":"","ast-hfb-below-header-display":"","ast-hfb-mobile-header-display":"","site-post-title":"disabled","ast-breadcrumbs-content":"","ast-featured-img":"disabled","footer-sml-layout":"","theme-transparent-header-meta":"enabled","adv-header-id-meta":"","stick-header-meta":"","header-above-stick-meta":"","header-main-stick-meta":"","header-below-stick-meta":"","footnotes":""},"class_list":["post-46","page","type-page","status-publish","hentry"],"yoast_head":"<!-- This site is optimized with the Yoast SEO plugin v20.5 - https:\/\/yoast.com\/wordpress\/plugins\/seo\/ -->\n<title>Kontakt - Studio Psiej Urody Leszno<\/title>\n<meta name=\"robots\" content=\"index, follow, max-snippet:-1, max-image-preview:large, max-video-preview:-1\" \/>\n<link rel=\"canonical\" href=\"https:\/\/studiopsiejurody.pl\/index.php\/kontakt\/\" \/>\n<meta property=\"og:locale\" content=\"pl_PL\" \/>\n<meta property=\"og:type\" content=\"article\" \/>\n<meta property=\"og:title\" content=\"Kontakt - Studio Psiej Urody Leszno\" \/>\n<meta property=\"og:description\" content=\"Kontakt 888 034 109 Um\u00f3w wizyt\u0119 telefonicznie ju\u017c teraz! paula@studioPsiejUrody.pL W razie jakichkolwiek pyta\u0144 zostaw wiadomo\u015b\u0107. Godziny Otwarcia Poniedzia\u0142ek &#8211; Pi\u0105tek 9:00 &#8211; 19:00 Masz Jakie\u015b Pytania? Z przyjemno\u015bci\u0105 udziel\u0119 Ci odpowiedzi.\" \/>\n<meta property=\"og:url\" content=\"https:\/\/studiopsiejurody.pl\/index.php\/kontakt\/\" \/>\n<meta property=\"og:site_name\" content=\"Studio Psiej Urody Leszno\" \/>\n<meta property=\"article:publisher\" content=\"https:\/\/www.facebook.com\/StudioPsiejUrody\" \/>\n<meta property=\"article:modified_time\" content=\"2022-09-30T15:48:07+00:00\" \/>\n<meta property=\"og:image\" content=\"https:\/\/studiopsiejurody.pl\/wp-content\/uploads\/2022\/08\/phone.png\" \/>\n<meta name=\"twitter:card\" content=\"summary_large_image\" \/>\n<meta name=\"twitter:label1\" content=\"Szacowany czas czytania\" \/>\n\t<meta name=\"twitter:data1\" content=\"1 minuta\" \/>\n<script type=\"application\/ld+json\" class=\"yoast-schema-graph\">{\"@context\":\"https:\/\/schema.org\",\"@graph\":[{\"@type\":\"WebPage\",\"@id\":\"https:\/\/studiopsiejurody.pl\/index.php\/kontakt\/\",\"url\":\"https:\/\/studiopsiejurody.pl\/index.php\/kontakt\/\",\"name\":\"Kontakt - Studio Psiej Urody Leszno\",\"isPartOf\":{\"@id\":\"https:\/\/studiopsiejurody.pl\/#website\"},\"datePublished\":\"2017-08-01T04:10:05+00:00\",\"dateModified\":\"2022-09-30T15:48:07+00:00\",\"breadcrumb\":{\"@id\":\"https:\/\/studiopsiejurody.pl\/index.php\/kontakt\/#breadcrumb\"},\"inLanguage\":\"pl-PL\",\"potentialAction\":[{\"@type\":\"ReadAction\",\"target\":[\"https:\/\/studiopsiejurody.pl\/index.php\/kontakt\/\"]}]},{\"@type\":\"BreadcrumbList\",\"@id\":\"https:\/\/studiopsiejurody.pl\/index.php\/kontakt\/#breadcrumb\",\"itemListElement\":[{\"@type\":\"ListItem\",\"position\":1,\"name\":\"Strona g\u0142\u00f3wna\",\"item\":\"https:\/\/studiopsiejurody.pl\/\"},{\"@type\":\"ListItem\",\"position\":2,\"name\":\"Kontakt\"}]},{\"@type\":\"WebSite\",\"@id\":\"https:\/\/studiopsiejurody.pl\/#website\",\"url\":\"https:\/\/studiopsiejurody.pl\/\",\"name\":\"Studio Psiej Urody Leszno\",\"description\":\"\",\"publisher\":{\"@id\":\"https:\/\/studiopsiejurody.pl\/#\/schema\/person\/204866e9cd62d9f4b3691ab6200e09b0\"},\"potentialAction\":[{\"@type\":\"SearchAction\",\"target\":{\"@type\":\"EntryPoint\",\"urlTemplate\":\"https:\/\/studiopsiejurody.pl\/?s={search_term_string}\"},\"query-input\":\"required name=search_term_string\"}],\"inLanguage\":\"pl-PL\"},{\"@type\":[\"Person\",\"Organization\"],\"@id\":\"https:\/\/studiopsiejurody.pl\/#\/schema\/person\/204866e9cd62d9f4b3691ab6200e09b0\",\"name\":\"ROOT\",\"image\":{\"@type\":\"ImageObject\",\"inLanguage\":\"pl-PL\",\"@id\":\"https:\/\/studiopsiejurody.pl\/#\/schema\/person\/image\/\",\"url\":\"https:\/\/secure.gravatar.com\/avatar\/b1d3196950bbd980a8cf792cbe64210244e73494cf094e36836db51337762535?s=96&d=mm&r=g\",\"contentUrl\":\"https:\/\/secure.gravatar.com\/avatar\/b1d3196950bbd980a8cf792cbe64210244e73494cf094e36836db51337762535?s=96&d=mm&r=g\",\"caption\":\"ROOT\"},\"logo\":{\"@id\":\"https:\/\/studiopsiejurody.pl\/#\/schema\/person\/image\/\"},\"sameAs\":[\"http:\/\/studiopsiejurody.pl\",\"https:\/\/www.facebook.com\/StudioPsiejUrody\",\"https:\/\/www.instagram.com\/studiopsiejurody\/\"]}]}<\/script>\n<!-- \/ Yoast SEO plugin. -->","yoast_head_json":{"title":"Kontakt - Studio Psiej Urody Leszno","robots":{"index":"index","follow":"follow","max-snippet":"max-snippet:-1","max-image-preview":"max-image-preview:large","max-video-preview":"max-video-preview:-1"},"canonical":"https:\/\/studiopsiejurody.pl\/index.php\/kontakt\/","og_locale":"pl_PL","og_type":"article","og_title":"Kontakt - Studio Psiej Urody Leszno","og_description":"Kontakt 888 034 109 Um\u00f3w wizyt\u0119 telefonicznie ju\u017c teraz! paula@studioPsiejUrody.pL W razie jakichkolwiek pyta\u0144 zostaw wiadomo\u015b\u0107. Godziny Otwarcia Poniedzia\u0142ek &#8211; Pi\u0105tek 9:00 &#8211; 19:00 Masz Jakie\u015b Pytania? Z przyjemno\u015bci\u0105 udziel\u0119 Ci odpowiedzi.","og_url":"https:\/\/studiopsiejurody.pl\/index.php\/kontakt\/","og_site_name":"Studio Psiej Urody Leszno","article_publisher":"https:\/\/www.facebook.com\/StudioPsiejUrody","article_modified_time":"2022-09-30T15:48:07+00:00","og_image":[{"url":"https:\/\/studiopsiejurody.pl\/wp-content\/uploads\/2022\/08\/phone.png"}],"twitter_card":"summary_large_image","twitter_misc":{"Szacowany czas czytania":"1 minuta"},"schema":{"@context":"https:\/\/schema.org","@graph":[{"@type":"WebPage","@id":"https:\/\/studiopsiejurody.pl\/index.php\/kontakt\/","url":"https:\/\/studiopsiejurody.pl\/index.php\/kontakt\/","name":"Kontakt - Studio Psiej Urody Leszno","isPartOf":{"@id":"https:\/\/studiopsiejurody.pl\/#website"},"datePublished":"2017-08-01T04:10:05+00:00","dateModified":"2022-09-30T15:48:07+00:00","breadcrumb":{"@id":"https:\/\/studiopsiejurody.pl\/index.php\/kontakt\/#breadcrumb"},"inLanguage":"pl-PL","potentialAction":[{"@type":"ReadAction","target":["https:\/\/studiopsiejurody.pl\/index.php\/kontakt\/"]}]},{"@type":"BreadcrumbList","@id":"https:\/\/studiopsiejurody.pl\/index.php\/kontakt\/#breadcrumb","itemListElement":[{"@type":"ListItem","position":1,"name":"Strona g\u0142\u00f3wna","item":"https:\/\/studiopsiejurody.pl\/"},{"@type":"ListItem","position":2,"name":"Kontakt"}]},{"@type":"WebSite","@id":"https:\/\/studiopsiejurody.pl\/#website","url":"https:\/\/studiopsiejurody.pl\/","name":"Studio Psiej Urody Leszno","description":"","publisher":{"@id":"https:\/\/studiopsiejurody.pl\/#\/schema\/person\/204866e9cd62d9f4b3691ab6200e09b0"},"potentialAction":[{"@type":"SearchAction","target":{"@type":"EntryPoint","urlTemplate":"https:\/\/studiopsiejurody.pl\/?s={search_term_string}"},"query-input":"required name=search_term_string"}],"inLanguage":"pl-PL"},{"@type":["Person","Organization"],"@id":"https:\/\/studiopsiejurody.pl\/#\/schema\/person\/204866e9cd62d9f4b3691ab6200e09b0","name":"ROOT","image":{"@type":"ImageObject","inLanguage":"pl-PL","@id":"https:\/\/studiopsiejurody.pl\/#\/schema\/person\/image\/","url":"https:\/\/secure.gravatar.com\/avatar\/b1d3196950bbd980a8cf792cbe64210244e73494cf094e36836db51337762535?s=96&d=mm&r=g","contentUrl":"https:\/\/secure.gravatar.com\/avatar\/b1d3196950bbd980a8cf792cbe64210244e73494cf094e36836db51337762535?s=96&d=mm&r=g","caption":"ROOT"},"logo":{"@id":"https:\/\/studiopsiejurody.pl\/#\/schema\/person\/image\/"},"sameAs":["http:\/\/studiopsiejurody.pl","https:\/\/www.facebook.com\/StudioPsiejUrody","https:\/\/www.instagram.com\/studiopsiejurody\/"]}]}},"_links":{"self":[{"href":"https:\/\/studiopsiejurody.pl\/index.php\/wp-json\/wp\/v2\/pages\/46","targetHints":{"allow":["GET"]}}],"collection":[{"href":"https:\/\/studiopsiejurody.pl\/index.php\/wp-json\/wp\/v2\/pages"}],"about":[{"href":"https:\/\/studiopsiejurody.pl\/index.php\/wp-json\/wp\/v2\/types\/page"}],"author":[{"embeddable":true,"href":"https:\/\/studiopsiejurody.pl\/index.php\/wp-json\/wp\/v2\/users\/1"}],"replies":[{"embeddable":true,"href":"https:\/\/studiopsiejurody.pl\/index.php\/wp-json\/wp\/v2\/comments?post=46"}],"version-history":[{"count":32,"href":"https:\/\/studiopsiejurody.pl\/index.php\/wp-json\/wp\/v2\/pages\/46\/revisions"}],"predecessor-version":[{"id":2102,"href":"https:\/\/studiopsiejurody.pl\/index.php\/wp-json\/wp\/v2\/pages\/46\/revisions\/2102"}],"wp:attachment":[{"href":"https:\/\/studiopsiejurody.pl\/index.php\/wp-json\/wp\/v2\/media?parent=46"}],"curies":[{"name":"wp","href":"https:\/\/api.w.org\/{rel}","templated":true}]}}